{"id":35,"date":"2023-09-25T01:48:32","date_gmt":"2023-09-25T01:48:32","guid":{"rendered":"https:\/\/demo.ctyhpdental.com\/index.php\/san-pham\/s-theo-di-ha-cht-kh-khun-mc-cao\/"},"modified":"2023-09-25T03:39:33","modified_gmt":"2023-09-25T03:39:33","slug":"phieu-du-tru-va-linh-mau-che-pham-mau-ngoai-vien","status":"publish","type":"product","link":"https:\/\/iap.lehoangthai.com\/index.php\/san-pham\/phieu-du-tru-va-linh-mau-che-pham-mau-ngoai-vien\/","title":{"rendered":"Phi\u1ebfu d\u1ef1 tr\u00f9 v\u00e0 l\u0129nh m\u00e1u ch\u1ebf ph\u1ea9m m\u00e1u ngo\u1ea1i vi\u1ec7n"},"content":{"rendered":"","protected":false},"excerpt":{"rendered":"","protected":false},"featured_media":0,"comment_status":"open","ping_status":"closed","template":"","meta":[],"product_cat":[19],"product_tag":[],"class_list":["post-35","product","type-product","status-publish","hentry","product_cat-ke-3"],"_links":{"self":[{"href":"https:\/\/iap.lehoangthai.com\/index.php\/wp-json\/wp\/v2\/product\/35","targetHints":{"allow":["GET"]}}],"collection":[{"href":"https:\/\/iap.lehoangthai.com\/index.php\/wp-json\/wp\/v2\/product"}],"about":[{"href":"https:\/\/iap.lehoangthai.com\/index.php\/wp-json\/wp\/v2\/types\/product"}],"replies":[{"embeddable":true,"href":"https:\/\/iap.lehoangthai.com\/index.php\/wp-json\/wp\/v2\/comments?post=35"}],"wp:attachment":[{"href":"https:\/\/iap.lehoangthai.com\/index.php\/wp-json\/wp\/v2\/media?parent=35"}],"wp:term":[{"taxonomy":"product_cat","embeddable":true,"href":"https:\/\/iap.lehoangthai.com\/index.php\/wp-json\/wp\/v2\/product_cat?post=35"},{"taxonomy":"product_tag","embeddable":true,"href":"https:\/\/iap.lehoangthai.com\/index.php\/wp-json\/wp\/v2\/product_tag?post=35"}],"curies":[{"name":"wp","href":"https:\/\/api.w.org\/{rel}","templated":true}]}}