{"id":184,"date":"2023-09-29T06:36:30","date_gmt":"2023-09-29T06:36:30","guid":{"rendered":"https:\/\/demo.ctyhpdental.com\/index.php\/san-pham\/s-qun-l-n-chiu-tia-cc-tm\/"},"modified":"2023-09-29T06:53:03","modified_gmt":"2023-09-29T06:53:03","slug":"so-quan-ly-den-chieu-tia-cuc-tim","status":"publish","type":"product","link":"https:\/\/iap.lehoangthai.com\/index.php\/san-pham\/so-quan-ly-den-chieu-tia-cuc-tim\/","title":{"rendered":"S\u1ed5 qu\u1ea3n l\u00fd \u0111\u00e8n chi\u1ebfu tia c\u1ef1c t\u00edm"},"content":{"rendered":"","protected":false},"excerpt":{"rendered":"","protected":false},"featured_media":0,"comment_status":"open","ping_status":"closed","template":"","meta":[],"product_cat":[26],"product_tag":[],"class_list":["post-184","product","type-product","status-publish","hentry","product_cat-ke-11"],"_links":{"self":[{"href":"https:\/\/iap.lehoangthai.com\/index.php\/wp-json\/wp\/v2\/product\/184","targetHints":{"allow":["GET"]}}],"collection":[{"href":"https:\/\/iap.lehoangthai.com\/index.php\/wp-json\/wp\/v2\/product"}],"about":[{"href":"https:\/\/iap.lehoangthai.com\/index.php\/wp-json\/wp\/v2\/types\/product"}],"replies":[{"embeddable":true,"href":"https:\/\/iap.lehoangthai.com\/index.php\/wp-json\/wp\/v2\/comments?post=184"}],"wp:attachment":[{"href":"https:\/\/iap.lehoangthai.com\/index.php\/wp-json\/wp\/v2\/media?parent=184"}],"wp:term":[{"taxonomy":"product_cat","embeddable":true,"href":"https:\/\/iap.lehoangthai.com\/index.php\/wp-json\/wp\/v2\/product_cat?post=184"},{"taxonomy":"product_tag","embeddable":true,"href":"https:\/\/iap.lehoangthai.com\/index.php\/wp-json\/wp\/v2\/product_tag?post=184"}],"curies":[{"name":"wp","href":"https:\/\/api.w.org\/{rel}","templated":true}]}}