{"id":179,"date":"2023-09-29T06:36:29","date_gmt":"2023-09-29T06:36:29","guid":{"rendered":"https:\/\/demo.ctyhpdental.com\/index.php\/san-pham\/s-bn-giao-khoa-chn-on-hnh-nh\/"},"modified":"2023-09-29T06:42:49","modified_gmt":"2023-09-29T06:42:49","slug":"so-ban-giao-khoa-chan-doan-hinh-anh","status":"publish","type":"product","link":"https:\/\/iap.lehoangthai.com\/index.php\/san-pham\/so-ban-giao-khoa-chan-doan-hinh-anh\/","title":{"rendered":"S\u1ed5 b\u00e0n giao khoa ch\u1ea9n \u0111o\u00e1n h\u00ecnh \u1ea3nh"},"content":{"rendered":"","protected":false},"excerpt":{"rendered":"","protected":false},"featured_media":0,"comment_status":"open","ping_status":"closed","template":"","meta":[],"product_cat":[26],"product_tag":[],"class_list":["post-179","product","type-product","status-publish","hentry","product_cat-ke-11"],"_links":{"self":[{"href":"https:\/\/iap.lehoangthai.com\/index.php\/wp-json\/wp\/v2\/product\/179","targetHints":{"allow":["GET"]}}],"collection":[{"href":"https:\/\/iap.lehoangthai.com\/index.php\/wp-json\/wp\/v2\/product"}],"about":[{"href":"https:\/\/iap.lehoangthai.com\/index.php\/wp-json\/wp\/v2\/types\/product"}],"replies":[{"embeddable":true,"href":"https:\/\/iap.lehoangthai.com\/index.php\/wp-json\/wp\/v2\/comments?post=179"}],"wp:attachment":[{"href":"https:\/\/iap.lehoangthai.com\/index.php\/wp-json\/wp\/v2\/media?parent=179"}],"wp:term":[{"taxonomy":"product_cat","embeddable":true,"href":"https:\/\/iap.lehoangthai.com\/index.php\/wp-json\/wp\/v2\/product_cat?post=179"},{"taxonomy":"product_tag","embeddable":true,"href":"https:\/\/iap.lehoangthai.com\/index.php\/wp-json\/wp\/v2\/product_tag?post=179"}],"curies":[{"name":"wp","href":"https:\/\/api.w.org\/{rel}","templated":true}]}}