{"id":176,"date":"2023-09-29T06:36:29","date_gmt":"2023-09-29T06:36:29","guid":{"rendered":"https:\/\/demo.ctyhpdental.com\/index.php\/san-pham\/ba-trnh-k-pc\/"},"modified":"2023-09-29T06:41:50","modified_gmt":"2023-09-29T06:41:50","slug":"bia-trinh-ky-pc","status":"publish","type":"product","link":"https:\/\/iap.lehoangthai.com\/index.php\/san-pham\/bia-trinh-ky-pc\/","title":{"rendered":"B\u00eca tr\u00ecnh k\u00fd PC"},"content":{"rendered":"","protected":false},"excerpt":{"rendered":"","protected":false},"featured_media":0,"comment_status":"open","ping_status":"closed","template":"","meta":[],"product_cat":[26],"product_tag":[],"class_list":["post-176","product","type-product","status-publish","hentry","product_cat-ke-11"],"_links":{"self":[{"href":"https:\/\/iap.lehoangthai.com\/index.php\/wp-json\/wp\/v2\/product\/176","targetHints":{"allow":["GET"]}}],"collection":[{"href":"https:\/\/iap.lehoangthai.com\/index.php\/wp-json\/wp\/v2\/product"}],"about":[{"href":"https:\/\/iap.lehoangthai.com\/index.php\/wp-json\/wp\/v2\/types\/product"}],"replies":[{"embeddable":true,"href":"https:\/\/iap.lehoangthai.com\/index.php\/wp-json\/wp\/v2\/comments?post=176"}],"wp:attachment":[{"href":"https:\/\/iap.lehoangthai.com\/index.php\/wp-json\/wp\/v2\/media?parent=176"}],"wp:term":[{"taxonomy":"product_cat","embeddable":true,"href":"https:\/\/iap.lehoangthai.com\/index.php\/wp-json\/wp\/v2\/product_cat?post=176"},{"taxonomy":"product_tag","embeddable":true,"href":"https:\/\/iap.lehoangthai.com\/index.php\/wp-json\/wp\/v2\/product_tag?post=176"}],"curies":[{"name":"wp","href":"https:\/\/api.w.org\/{rel}","templated":true}]}}