{"id":150,"date":"2023-09-29T03:31:11","date_gmt":"2023-09-29T03:31:11","guid":{"rendered":"https:\/\/demo.ctyhpdental.com\/index.php\/san-pham\/giy-cam-oan-chp-nhn-phu-thut-th-thut-v-gy-m-hi-sc\/"},"modified":"2023-09-29T04:30:11","modified_gmt":"2023-09-29T04:30:11","slug":"giay-cam-doan-chap-nhan-phau-thuat-thu-thuat-va-gay-me-hoi-suc","status":"publish","type":"product","link":"https:\/\/iap.lehoangthai.com\/index.php\/san-pham\/giay-cam-doan-chap-nhan-phau-thuat-thu-thuat-va-gay-me-hoi-suc\/","title":{"rendered":"Gi\u1ea5y cam \u0111oan ch\u1ea5p nh\u1eadn ph\u1eabu thu\u1eadt, th\u1ee7 thu\u1eadt v\u00e0 g\u00e2y m\u00ea h\u1ed3i s\u1ee9c"},"content":{"rendered":"","protected":false},"excerpt":{"rendered":"","protected":false},"featured_media":0,"comment_status":"open","ping_status":"closed","template":"","meta":[],"product_cat":[25],"product_tag":[],"class_list":["post-150","product","type-product","status-publish","hentry","product_cat-ke-10"],"_links":{"self":[{"href":"https:\/\/iap.lehoangthai.com\/index.php\/wp-json\/wp\/v2\/product\/150","targetHints":{"allow":["GET"]}}],"collection":[{"href":"https:\/\/iap.lehoangthai.com\/index.php\/wp-json\/wp\/v2\/product"}],"about":[{"href":"https:\/\/iap.lehoangthai.com\/index.php\/wp-json\/wp\/v2\/types\/product"}],"replies":[{"embeddable":true,"href":"https:\/\/iap.lehoangthai.com\/index.php\/wp-json\/wp\/v2\/comments?post=150"}],"wp:attachment":[{"href":"https:\/\/iap.lehoangthai.com\/index.php\/wp-json\/wp\/v2\/media?parent=150"}],"wp:term":[{"taxonomy":"product_cat","embeddable":true,"href":"https:\/\/iap.lehoangthai.com\/index.php\/wp-json\/wp\/v2\/product_cat?post=150"},{"taxonomy":"product_tag","embeddable":true,"href":"https:\/\/iap.lehoangthai.com\/index.php\/wp-json\/wp\/v2\/product_tag?post=150"}],"curies":[{"name":"wp","href":"https:\/\/api.w.org\/{rel}","templated":true}]}}