{"id":2,"date":"2023-09-25T01:11:26","date_gmt":"2023-09-25T01:11:26","guid":{"rendered":"https:\/\/demo.ctyhpdental.com\/?page_id=2"},"modified":"2024-04-26T14:51:40","modified_gmt":"2024-04-26T14:51:40","slug":"trang-mau","status":"publish","type":"page","link":"https:\/\/iap.lehoangthai.com\/","title":{"rendered":"Trang ch\u1ee7"},"content":{"rendered":"\t<section class=\"section\" id=\"section_985470975\">\n\t\t<div class=\"bg section-bg fill bg-fill  bg-loaded\" >\n\n\t\t\t\n\t\t\t\n\t\t\t\n\n\t\t<\/div>\n\n\t\t<div class=\"section-content relative\">\n\t\t\t\n\n  <div class=\"banner has-hover is-full-height\" id=\"banner-1443658929\">\n          <div class=\"banner-inner fill\">\n        <div class=\"banner-bg fill\" >\n            <div class=\"bg fill bg-fill \"><\/div>\n                        <div class=\"overlay\"><\/div>            \n                    <\/div>\n        <div class=\"banner-layers container\">\n            <div class=\"fill banner-link\"><\/div>            \n   <div id=\"text-box-1646992832\" class=\"text-box banner-layer x50 md-x50 lg-x50 y70 md-y70 lg-y70 res-text\">\n                                <div class=\"text-box-content text dark\">\n              \n              <div class=\"text-inner text-center\">\n                  \n\t<div id=\"text-3075738865\" class=\"text\">\n\t\t\n<h3 class=\"uppercase\"><strong>ph\u1ea7n m\u1ec1m qu\u1ea3n l\u00fd kho in \u1ea5n ph\u1ea9m<\/strong><\/h3>\n<p>Ch\u00e0o m\u1eebng b\u1ea1n \u0111\u00e3 \u0111\u1ebfn v\u1edbi ph\u1ea7n m\u1ec1m qu\u1ea3n l\u00fd kho IAP B\u1ec7nh Vi\u1ec7n Ph\u01b0\u01a1ng Ch\u00e2u Sa \u0110\u00e9c<\/p>\n\t\t\n<style>\n#text-3075738865 {\n  color: rgb(165, 70, 135);\n}\n#text-3075738865 > * {\n  color: rgb(165, 70, 135);\n}\n<\/style>\n\t<\/div>\n\t\n<a href=\"https:\/\/iap.lehoangthai.com\/wp-admin\/\" target=\"_self\" class=\"button primary is-large box-shadow-1 box-shadow-2-hover\"  style=\"border-radius:15px;\">\n    <span>\u0110\u0102NG NH\u1eacP qu\u1ea3n l\u00fd kho IAP<\/span>\n  <\/a>\n\n              <\/div>\n           <\/div>\n                            \n<style>\n#text-box-1646992832 .text-box-content {\n  background-color: rgb(227, 222, 222);\n  border-radius: 20px;\n  font-size: 100%;\n}\n#text-box-1646992832 .text-inner {\n  padding: 20px 0px 20px 0px;\n}\n#text-box-1646992832 {\n  width: 70%;\n}\n<\/style>\n    <\/div>\n \n        <\/div>\n      <\/div>\n\n            \n<style>\n#banner-1443658929 {\n  padding-top: 100%;\n}\n#banner-1443658929 .bg.bg-loaded {\n  background-image: url(https:\/\/iap.lehoangthai.com\/wp-content\/uploads\/2023\/09\/benh-vien-Phuong-Chau-sadec-background-1024x782.jpg);\n}\n#banner-1443658929 .overlay {\n  background-color: rgba(255, 255, 255, 0.3);\n}\n<\/style>\n  <\/div>\n\n\n\t\t<\/div>\n\n\t\t\n<style>\n#section_985470975 {\n  padding-top: 0px;\n  padding-bottom: 0px;\n  margin-bottom: 0px;\n  min-height: 100%;\n}\n<\/style>\n\t<\/section>\n\t\n","protected":false},"excerpt":{"rendered":"","protected":false},"author":1,"featured_media":0,"parent":0,"menu_order":0,"comment_status":"closed","ping_status":"open","template":"page-blank-landingpage.php","meta":{"footnotes":""},"class_list":["post-2","page","type-page","status-publish","hentry"],"_links":{"self":[{"href":"https:\/\/iap.lehoangthai.com\/index.php\/wp-json\/wp\/v2\/pages\/2","targetHints":{"allow":["GET"]}}],"collection":[{"href":"https:\/\/iap.lehoangthai.com\/index.php\/wp-json\/wp\/v2\/pages"}],"about":[{"href":"https:\/\/iap.lehoangthai.com\/index.php\/wp-json\/wp\/v2\/types\/page"}],"author":[{"embeddable":true,"href":"https:\/\/iap.lehoangthai.com\/index.php\/wp-json\/wp\/v2\/users\/1"}],"replies":[{"embeddable":true,"href":"https:\/\/iap.lehoangthai.com\/index.php\/wp-json\/wp\/v2\/comments?post=2"}],"version-history":[{"count":17,"href":"https:\/\/iap.lehoangthai.com\/index.php\/wp-json\/wp\/v2\/pages\/2\/revisions"}],"predecessor-version":[{"id":213,"href":"https:\/\/iap.lehoangthai.com\/index.php\/wp-json\/wp\/v2\/pages\/2\/revisions\/213"}],"wp:attachment":[{"href":"https:\/\/iap.lehoangthai.com\/index.php\/wp-json\/wp\/v2\/media?parent=2"}],"curies":[{"name":"wp","href":"https:\/\/api.w.org\/{rel}","templated":true}]}}